{"id":1137,"date":"2023-11-26T14:14:47","date_gmt":"2023-11-26T19:14:47","guid":{"rendered":"https:\/\/tropicclearwater.com\/?post_type=product&#038;p=1137"},"modified":"2023-11-26T15:33:56","modified_gmt":"2023-11-26T20:33:56","slug":"capsula-de-ozono-spa","status":"publish","type":"product","link":"https:\/\/tropicclearwater.com\/?product=capsula-de-ozono-spa","title":{"rendered":"C\u00e1psula de Ozono SPA"},"content":{"rendered":"<p>Se trata de un nuevo dise\u00f1o que combina el cuidado de la salud, la recuperaci\u00f3n y la remodelaci\u00f3n corporal. La vaporizaci\u00f3n con alta temperatura tiene efectos curativos sobre la columna vertebral, las articulaciones, estimula la circulaci\u00f3n sangu\u00ednea y hace que los m\u00fasculos y las articulaciones se relajen, as\u00ed como alivia el dolor.<\/p>\n<p>Con productos naturales para el cuidado de la piel, como aceites esenciales, etc. mejora eficazmente la piel oscura y \u00e1spera. Tanto su piel como su salud se beneficiar\u00e1n mucho con el tratamiento con este equipo.<\/p>\n<p><strong> Ventajas del producto:<\/strong><\/p>\n<ol>\n<li>El casco del bastidor principal est\u00e1 hecho en acr\u00edlico, nunca se descolora y deforma.<\/li>\n<li>El tanque para el vapor m\u00e9dico puede hervir medicina herbaria.<\/li>\n<li>Tablero de computadora t\u00e1ctil para controlar la temperatura constante, la temperatura puede ser ajustable.<\/li>\n<li>Sistema reproductor de MP3 facilita escuchar m\u00fasica agradable durante el tratamiento.<\/li>\n<li>La m\u00e1quina es de gran tama\u00f1o, el espacio interior es lo suficientemente grande para el hombre grande, las rodillas no tocar\u00e1n la carcasa principal.<\/li>\n<li>Hay apoyabrazos en el interior, la altura del asiento es ajustable. Es muy c\u00f3modo sentarse all\u00ed.<\/li>\n<li>Dise\u00f1o ergon\u00f3mico, sus manos se pueden poner fuera para leer, beber t\u00e9 perfumado.<\/li>\n<\/ol>\n","protected":false},"excerpt":{"rendered":"<p>Disfrute su Tratamiento, Disfrute su SPA, Sane su Cuerpo f\u00e1cilmente.<\/p>\n<p><strong>Ozono incorporado para ozonoterapia!!!!<\/strong><\/p>\n<p>El equipo est\u00e1 dotado de 36 piezas de piedras de energ\u00eda, 3 piezas de infrarrojo lejano y con un tanque de 8 litros de SS para vapor la vaporizaci\u00f3n.<\/p>\n<p>Se trata de un nuevo dise\u00f1o que combina el cuidado de la salud, la recuperaci\u00f3n y la remodelaci\u00f3n corporal. La vaporizaci\u00f3n con alta temperatura tiene efectos curativos sobre la columna vertebral, las articulaciones, estimula la circulaci\u00f3n sangu\u00ednea y hace que los m\u00fasculos y las articulaciones se relajen, as\u00ed como alivia el dolor.<\/p>\n<p>Con productos naturales para el cuidado de la piel, como aceites esenciales, etc. mejora eficazmente la piel oscura y \u00e1spera. Tanto su piel como su salud se beneficiar\u00e1n mucho con el tratamiento con este equipo.<\/p>\n<p><strong> Ventajas del producto:<\/strong><\/p>\n<ol>\n<li>El casco del bastidor principal est\u00e1 hecho en acr\u00edlico, nunca se descolora y deforma.<\/li>\n<li>El tanque para el vapor m\u00e9dico puede hervir medicina herbaria.<\/li>\n<li>Tablero de computadora t\u00e1ctil para controlar la temperatura constante, la temperatura puede ser ajustable.<\/li>\n<li>Sistema reproductor de MP3 facilita escuchar m\u00fasica agradable durante el tratamiento.<\/li>\n<li>La m\u00e1quina es de gran tama\u00f1o, el espacio interior es lo suficientemente grande para el hombre grande, las rodillas no tocar\u00e1n la carcasa principal.<\/li>\n<li>Hay apoyabrazos en el interior, la altura del asiento es ajustable. Es muy c\u00f3modo sentarse all\u00ed.<\/li>\n<li>Dise\u00f1o ergon\u00f3mico, sus manos se pueden poner fuera para leer, beber t\u00e9 perfumado.<\/li>\n<\/ol>\n","protected":false},"featured_media":1144,"comment_status":"closed","ping_status":"closed","template":"","meta":[],"product_cat":[20],"product_tag":[],"class_list":{"0":"post-1137","1":"product","2":"type-product","3":"status-publish","4":"has-post-thumbnail","6":"product_cat-ozonizador","7":"post","9":"first","10":"instock","11":"taxable","12":"shipping-taxable","13":"product-type-simple"},"_links":{"self":[{"href":"https:\/\/tropicclearwater.com\/index.php?rest_route=\/wp\/v2\/product\/1137","targetHints":{"allow":["GET"]}}],"collection":[{"href":"https:\/\/tropicclearwater.com\/index.php?rest_route=\/wp\/v2\/product"}],"about":[{"href":"https:\/\/tropicclearwater.com\/index.php?rest_route=\/wp\/v2\/types\/product"}],"replies":[{"embeddable":true,"href":"https:\/\/tropicclearwater.com\/index.php?rest_route=%2Fwp%2Fv2%2Fcomments&post=1137"}],"wp:featuredmedia":[{"embeddable":true,"href":"https:\/\/tropicclearwater.com\/index.php?rest_route=\/wp\/v2\/media\/1144"}],"wp:attachment":[{"href":"https:\/\/tropicclearwater.com\/index.php?rest_route=%2Fwp%2Fv2%2Fmedia&parent=1137"}],"wp:term":[{"taxonomy":"product_cat","embeddable":true,"href":"https:\/\/tropicclearwater.com\/index.php?rest_route=%2Fwp%2Fv2%2Fproduct_cat&post=1137"},{"taxonomy":"product_tag","embeddable":true,"href":"https:\/\/tropicclearwater.com\/index.php?rest_route=%2Fwp%2Fv2%2Fproduct_tag&post=1137"}],"curies":[{"name":"wp","href":"https:\/\/api.w.org\/{rel}","templated":true}]}}