{"id":1146,"date":"2023-11-26T15:28:29","date_gmt":"2023-11-26T20:28:29","guid":{"rendered":"https:\/\/tropicclearwater.com\/?post_type=product&#038;p=1146"},"modified":"2023-11-27T18:43:13","modified_gmt":"2023-11-27T23:43:13","slug":"generador-de-ozono-tcw-d-desktop","status":"publish","type":"product","link":"https:\/\/tropicclearwater.com\/?product=generador-de-ozono-tcw-d-desktop","title":{"rendered":"Generador de Ozono TCW-D Desktop"},"content":{"rendered":"<p><img loading=\"lazy\" decoding=\"async\" class=\"alignnone wp-image-1150\" src=\"https:\/\/tropicclearwater.com\/wp-content\/uploads\/2023\/11\/generador-5.jpg\" alt=\"\" width=\"475\" height=\"554\" \/> <img loading=\"lazy\" decoding=\"async\" class=\"alignnone wp-image-1151\" src=\"https:\/\/tropicclearwater.com\/wp-content\/uploads\/2023\/11\/generador-4.jpg\" alt=\"\" width=\"476\" height=\"554\" \/><\/p>\n","protected":false},"excerpt":{"rendered":"<p><strong>Producci\u00f3n de ozono<\/strong>: 6G\/Hr<\/p>\n<p><strong>Caracter\u00edsticas<\/strong>:<\/p>\n<p>El generador de ozono es una unidad enfriada por aire, el ventilador de enfriamiento elimina el calor liberado por los tubos cer\u00e1micos de ozono y las tarjetas electr\u00f3nicas.<\/p>\n<p>Este equipo debe conectarse con una <strong>fuente externa de ox\u00edgeno puro<\/strong> para cumplir con los est\u00e1ndares m\u00e9dicos. Este tipo es m\u00e1s f\u00e1cil y seguro de operar. Alta concentracion de ozono para uso medico o de laboratorio.<\/p>\n<p><strong>Aplicaciones<\/strong>:<\/p>\n<p>Prop\u00f3sito m\u00e9dico: sangre (hemodi\u00e1lisis), dental, artritis, reumatismo, ginecolog\u00eda, anticancer\u00edgeno, antienvejecimiento, enfermedades de la piel, faciales, VIH, herpes, lyme, etc.; Investigaci\u00f3n de laboratorio, etc.<\/p>\n<p><strong>Sistema de control<\/strong>:<\/p>\n<p>Caudal\u00edmetro, Ajustador de ozono, Entrada de ox\u00edgeno, Salida de ozono, Amper\u00edmetro, Interruptor, Temporizador, Led de trabajo, Led de encendido;<\/p>\n","protected":false},"featured_media":1147,"comment_status":"closed","ping_status":"closed","template":"","meta":[],"product_cat":[20],"product_tag":[],"class_list":{"0":"post-1146","1":"product","2":"type-product","3":"status-publish","4":"has-post-thumbnail","6":"product_cat-ozonizador","7":"post","9":"first","10":"instock","11":"taxable","12":"shipping-taxable","13":"product-type-simple"},"_links":{"self":[{"href":"https:\/\/tropicclearwater.com\/index.php?rest_route=\/wp\/v2\/product\/1146","targetHints":{"allow":["GET"]}}],"collection":[{"href":"https:\/\/tropicclearwater.com\/index.php?rest_route=\/wp\/v2\/product"}],"about":[{"href":"https:\/\/tropicclearwater.com\/index.php?rest_route=\/wp\/v2\/types\/product"}],"replies":[{"embeddable":true,"href":"https:\/\/tropicclearwater.com\/index.php?rest_route=%2Fwp%2Fv2%2Fcomments&post=1146"}],"wp:featuredmedia":[{"embeddable":true,"href":"https:\/\/tropicclearwater.com\/index.php?rest_route=\/wp\/v2\/media\/1147"}],"wp:attachment":[{"href":"https:\/\/tropicclearwater.com\/index.php?rest_route=%2Fwp%2Fv2%2Fmedia&parent=1146"}],"wp:term":[{"taxonomy":"product_cat","embeddable":true,"href":"https:\/\/tropicclearwater.com\/index.php?rest_route=%2Fwp%2Fv2%2Fproduct_cat&post=1146"},{"taxonomy":"product_tag","embeddable":true,"href":"https:\/\/tropicclearwater.com\/index.php?rest_route=%2Fwp%2Fv2%2Fproduct_tag&post=1146"}],"curies":[{"name":"wp","href":"https:\/\/api.w.org\/{rel}","templated":true}]}}