{"id":76,"date":"2020-01-09T09:53:05","date_gmt":"2020-01-09T06:53:05","guid":{"rendered":"http:\/\/www1.tropicclearwater.com\/?post_type=product&#038;p=76"},"modified":"2021-11-27T17:09:10","modified_gmt":"2021-11-27T22:09:10","slug":"ozonizador-de-aire","status":"publish","type":"product","link":"https:\/\/tropicclearwater.com\/?product=ozonizador-de-aire","title":{"rendered":"Ozonizador de Aire"},"content":{"rendered":"<p>El TD 100 es una m\u00e1quina para purificar y esterilizar el aire del ambiente de contaminantes org\u00e1nicos y olores. El TD 100 produce 100mg O3\/hora, su tiempo de operaci\u00f3n y el ciclo de trabajo son programables adapt\u00e1ndose al tama\u00f1o del ambiente y la intensidad de contaminaci\u00f3n a purificar.<\/p>\n<p><strong>Purificador de Aire \/ Ambiente<\/strong><\/p>\n<p><strong><em><u>Hospitales, Centros de Salud<\/u><\/em><\/strong><\/p>\n<p>En los centros hospitalarios ingresan innumerables pacientes con distintas patolog\u00edas, entonces, en muchos casos son portadores de bacterias, fungus, g\u00e9rmenes diversos y virus, que resisten a una amplia gama de antibi\u00f3ticos; por lo tanto nos encontramos con un conglomerado de personas infectadas y una gran variedad de indeseables bacterias, g\u00e9rmenes y virus muy fuertes y resistentes, que transmiten nuevas enfermedades a las que ya padecen los pacientes. Son las infecciones intrahospitalarias.<\/p>\n<p>Por otro lado, las autoridades de los centros hospitalarios en general tratan de encubrir este gran problema, desinfectando por medios qu\u00edmicos a los Hospitales.<\/p>\n<p>Desgraciadamente, por estos medios el aire no mejora su aptitud, no es \u201crespirable\u201d, siendo esta la primera causa de infecciones intrahospitalarias.<\/p>\n<p>Para la desinfecci\u00f3n y esterilizaci\u00f3n contamos con nuestro equipo Purificadora y esterilizadora de aire con OZONO, \u201cTD 100\u201d, que produce el efecto deseado, aire fresco y purificado, sin bacterias, virus, g\u00e9rmenes diversos y hongos, sin residuos, el ozono despu\u00e9s de actuar deja ox\u00edgeno que aumenta la sensaci\u00f3n de limpieza que debe dominar en los hospitales. Adem\u00e1s, NO enmascara los olores, los elimina.<\/p>\n<p>El equipo TD 100 puede ser empleado perfectamente para desinfecci\u00f3n\/esterilizaci\u00f3n de recintos en general, como salas de internos, salas de visita, ba\u00f1os, habitaciones, salas de espera, cocinas, etc. De forma continuo, seg\u00fan la programaci\u00f3n efectuado al equipo.<\/p>\n<p><strong><em><u>Ozono para Dormitorios, Salas y Salones<\/u><\/em><\/strong><\/p>\n<p>El sitio donde permanecemos m\u00e1s horas de nuestra vida es el DORMITORIO. Es el lugar que se debe mantener con higiene y el aire as\u00e9ptico, para cuidar la salud.<\/p>\n<p>En nuestro HOGAR existen unos RIESGOS, gracias al Generadores de Ozono TD 100 estamos a salvo.<\/p>\n<p><strong>Riesgo asm\u00e1tico:<\/strong><\/p>\n<p>Un estudio finland\u00e9s revela que un 20% de los ni\u00f1os asm\u00e1ticos debe su enfermedad a una escasa higiene dom\u00e9stica, particularmente en los dormitorios.<\/p>\n<p><strong>En habitaciones muy peque\u00f1as, tapizadas y enmoquetadas hasta la saciedad, ocasiona que el polvo se acomode en ellas y, de no airear, aspirar o lavar los tejidos con productos acaricidas<\/strong>, los \u00e1caros hacen lo suyo.<\/p>\n<p>Nuestro m\u00e1quina generadora de ozono programable, TD 100, purifica y desinfecta el aire, ventila una habitaci\u00f3n de manera continua sin necesidad de abrir la ventana y se ajusta a \u00e1reas de diferente tama\u00f1o y frecuencias a tratar autom\u00e1ticamente.<\/p>\n<p><strong><u>\u00c1caros malditos compa\u00f1eros<\/u><\/strong><\/p>\n<p>Las heces de los \u00e1caros contienen prote\u00ednas no asimilables por nuestro sistema inmunol\u00f3gico por lo que, al aspirar el aire de una habitaci\u00f3n algo dejada e incorporar dichas prote\u00ednas a las v\u00edas respiratorias se genera una reacci\u00f3n al\u00e9rgica inflamatoria que degenera en rinitis, lagrimeo, estornudos, tos o incluso ahogos.<\/p>\n<p><strong>C\u00f3mo evitar los \u00e1caros:<\/strong><\/p>\n<p>Aunque vivir en regiones de tipo monta\u00f1oso es la mejor forma de evitar padecer alergias por \u00e1caros, medidas simples como la correcta ventilaci\u00f3n de la casa, el cambio frecuente de sabanas, edredones, colchones, el lavado de los mu\u00f1ecos de felpa, con el uso de nuestros generadores de OZONO, TCW 3-500 (Agua y Aire) y TD 100 (Aire programable) es la mejor manera para evitar esta plaga.<\/p>\n<p><strong><em><u>Armarios<\/u><\/em><\/strong><\/p>\n<p>Un armario o closet, es un mueble cerrado por medio de puertas, ideado para guardar prendas de vestir.<\/p>\n<p><strong>Se\u00f1alamos de nuevo que es un espacio cerrado, no hay renovaci\u00f3n de aire y nuestras prendas, son un \u201calmac\u00e9n\u201d y \u201cvivienda\u201d, de las part\u00edculas que generan olores como<\/strong>: las de grasa, del tabaco, de los zapatos, de fragancias, de gasolina, de la calle, nuestro olor personal, etc..<\/p>\n<p>El OZONO es el \u00daNICO medio de eliminar de forma natural los olores y SIN dejar residuos s\u00f3lidos.<\/p>\n<p><strong>Se\u00f1alamos olores pero tambi\u00e9n las bacterias, virus, g\u00e9rmenes, etc.;\u00a0 en conclusi\u00f3n no s\u00f3lo limpiamos el aire cerrado y contaminado del armario; adem\u00e1s estamos liberando de g\u00e9rmenes a nuestras prendas de vestir.<\/strong><\/p>\n<p><strong>En resumen, nuestro equipo TD 100 tiene una extraordinaria capacidad de purificar el aire, eliminar sustancias t\u00f3xicas, incluyendo bacterias, el humo negro y diversos olores; oxigena el aire del ambiente y PREVIENE LA PROPAGAC\u00b4ON DE ENFERMEDADES.<\/strong><\/p>\n","protected":false},"excerpt":{"rendered":"<p><strong>Ozonizador Modelo TD 100:<\/strong><\/p>\n<p>Voltaje: 110 V\/60 Hz<\/p>\n<p>Potencia: 5 W<\/p>\n<p>Densidad de Ozono: 100 mg\/h<\/p>\n<p>Tiempo de Operaci\u00f3n: 10 \/ 20 \/ 30 minutos<\/p>\n<p>Ciclo: se apaga \/ 2 \/ 4 \/ 8 horas<\/p>\n<p>Alcance m\u00e1ximo Mantenimiento: 90 m2<\/p>\n<p>Sin piezas m\u00f3viles<\/p>\n<p>Sin piezas de recambio frecuente<\/p>\n<p>Sin mantenimiento<\/p>\n<p>Posici\u00f3n de trabajo: vertical (rendimiento \u00f3ptimo)<\/p>\n<p>Recomendamos conectar con protector de sobre voltaje o mejor a una bater\u00eda<\/p>\n<p>No inhalar ozono directamente, distancia min: 40 cm<\/p>\n<p>El equipo es apto para ser instalado en:<\/p>\n<p>Dormitorios, salas de espera, consultorios, \u00e1reas p\u00fablicas, closets, muebles de zapatos, servicios sanitarios.<\/p>\n","protected":false},"featured_media":10,"comment_status":"open","ping_status":"closed","template":"","meta":[],"product_cat":[20],"product_tag":[],"class_list":{"0":"post-76","1":"product","2":"type-product","3":"status-publish","4":"has-post-thumbnail","6":"product_cat-ozonizador","7":"post","9":"first","10":"instock","11":"taxable","12":"shipping-taxable","13":"purchasable","14":"product-type-simple"},"_links":{"self":[{"href":"https:\/\/tropicclearwater.com\/index.php?rest_route=\/wp\/v2\/product\/76","targetHints":{"allow":["GET"]}}],"collection":[{"href":"https:\/\/tropicclearwater.com\/index.php?rest_route=\/wp\/v2\/product"}],"about":[{"href":"https:\/\/tropicclearwater.com\/index.php?rest_route=\/wp\/v2\/types\/product"}],"replies":[{"embeddable":true,"href":"https:\/\/tropicclearwater.com\/index.php?rest_route=%2Fwp%2Fv2%2Fcomments&post=76"}],"wp:featuredmedia":[{"embeddable":true,"href":"https:\/\/tropicclearwater.com\/index.php?rest_route=\/wp\/v2\/media\/10"}],"wp:attachment":[{"href":"https:\/\/tropicclearwater.com\/index.php?rest_route=%2Fwp%2Fv2%2Fmedia&parent=76"}],"wp:term":[{"taxonomy":"product_cat","embeddable":true,"href":"https:\/\/tropicclearwater.com\/index.php?rest_route=%2Fwp%2Fv2%2Fproduct_cat&post=76"},{"taxonomy":"product_tag","embeddable":true,"href":"https:\/\/tropicclearwater.com\/index.php?rest_route=%2Fwp%2Fv2%2Fproduct_tag&post=76"}],"curies":[{"name":"wp","href":"https:\/\/api.w.org\/{rel}","templated":true}]}}