{"id":79,"date":"2020-01-09T04:28:14","date_gmt":"2020-01-09T07:28:14","guid":{"rendered":"http:\/\/www1.tropicclearwater.com\/?post_type=product&#038;p=79"},"modified":"2021-01-30T19:10:04","modified_gmt":"2021-01-31T00:10:04","slug":"ozonizador","status":"publish","type":"product","link":"https:\/\/tropicclearwater.com\/?product=ozonizador","title":{"rendered":"Ozonizador de Agua y Aire"},"content":{"rendered":"<p><strong>Agua:<\/strong><\/p>\n<p>El equipo produce aproximadamente 120 litros de agua pura y ozonizada por hora. El contenido de ozono residual oscila entre el 0.5 y 0.6 mg O3\/litro de agua; en el transcurso de minutos el ozono se disipa, transform\u00e1ndose en ox\u00edgeno.<\/p>\n<p><strong>Efectos al tomar agua ozonizada en el organismo:<\/strong><\/p>\n<ul>\n<li>El ozono oxida toda clase de toxinas, facilitando su expulsi\u00f3n por el organismo, al hacerlas solubles en agua.<\/li>\n<li>El ozono estimula el sistema inmunol\u00f3gico y la circulaci\u00f3n sangu\u00ednea a la vez que oxigena el cuerpo favoreciendo la sesi\u00f3n de O2 por la hemoglobina.<\/li>\n<li>El ozono mejora la funci\u00f3n cerebral y la memoria, puesto que el cerebro usa alrededor del 15% del ox\u00edgeno del cuerpo.<\/li>\n<li>El ozono transforma los \u00e1cidos grasos insaturados en compuestos hidrosolubles y son desechados por el organismo.<\/li>\n<li>El ozono ataca los radicales libres y por ello tiene un efecto anti-envejecimiento.<\/li>\n<li>El ozono aumenta la producci\u00f3n, siempre a nivel de gl\u00f3bulos rojos, del 2-3 difosfoglicerato, responsable de la liberaci\u00f3n del O2 en los tejidos.<\/li>\n<li>El ozono ayuda a aliviar problemas de gastritis, colitis y acidez, entre otros.<\/li>\n<\/ul>\n<p><strong>Aplicaciones:<\/strong><\/p>\n<p>Gracias a las propiedades del ozono en el agua, se puede tratar infecciones causadas por bacterias tales como infecciones de garganta, meningitis bacteriana, faringitis, laringitis.<\/p>\n<p>Tiene capacidad de matar virus que causan por ejemplo gripe y hepatitis A,B, y C.<\/p>\n<p>Sirve para eliminar hongos, como pueden ser pie de atleta o c\u00e1ndida.<\/p>\n<p>El agua ozonizada oxida metales, incluido el mercurio y otros peligrosos minerales que se encuentran en el interior del organismo, haci\u00e9ndolos m\u00e1s solubles en agua, y por tanto, m\u00e1s f\u00e1cil de eliminar. El agua ozonizada tiene un efecto antioxidante y puede eliminar muchos invasores, incluyendo las bacterias llamadas estreptococos.<\/p>\n<p>Los productos alimenticios despu\u00e9s de ser lavados con agua ozonizada duran m\u00e1s tiempo debido a la destrucci\u00f3n de bacterias y mohos en su superficie que los deterioran. Se aconseja por tanto, lavar todos los alimentos y utensilios con agua ozonizada durante 2 a 10 minutos. De esta manera se consigue una perfecta desinfecci\u00f3n bacteriol\u00f3gica de los mismos; para eliminar los agroqu\u00edmicos en frutas, legumbres y hortalizas, deje los productos reposados durante 20 minutos en agua ozonizada (tiempo total).<\/p>\n<p>Dejando reposar la carne de aves de corral durante 10 minutos en agua ozonizada se logra desintegrar las hormonas utilizadas en su cr\u00eda.<\/p>\n<p>Lave sus manos con agua ozonizada, elimina todo contaminaci\u00f3n bacteriol\u00f3gica, mohos y malos olores.<\/p>\n<p>El consumo de agua pura y ozonizada le ayuda a su cuerpo a limpiarse y sanarse r\u00e1pidamente.<\/p>\n<p><strong>El agua ozonizada se debe tomar distante de las comidas, 2 horas despu\u00e9s o 1 hora antes.<\/strong><\/p>\n<p><strong>Seg\u00fan el portal <em><u>CancerTutor<\/u><\/em> para calcular qu\u00e9 cantidad de agua con ozono debes tomar por d\u00eda, tienes que saber cual es tu peso y luego dividir el resultado entre 50.<\/strong><\/p>\n<p><strong>Por ejemplo: Su tu pesas 75 kg, debes tomar alrededor de 1,5 litros de agua ozonizada por d\u00eda.<\/strong><\/p>\n<p><strong>IDEAS PR\u00c1CTICAS PARA USAR TU OZONADOR TCW 3-500<\/strong><\/p>\n<p><strong>Desinfectar y Conservar Frutas y Verduras<\/strong><\/p>\n<p>Llenar una ensaladera, u otro recipiente, con agua e introducir el tubo del ozonador con la piedra difusora. Tras un par de minutos introducir las verduras o frutas en el agua y dejar la unidad encendida otro par de minutos mientras las limpiamos.<\/p>\n<p>La mayor\u00eda de la fruta y verdura que compramos ha sido rociada con productos que contienen derivados del petr\u00f3leo como el benceno para mantenerla fresca y evitar que se marchite. Se necesitan al menos 20 minutos para eliminar el benceno, as\u00ed como residuos de pesticidas y herbicidas con agua ozonizada.<\/p>\n<p>Incluso si compras verdura ecol\u00f3gica es recomendable sumergirlas unos minutos en agua ozonizada, ya que la mayor\u00eda contienen huevos de par\u00e1sitos, que no desaparecen al lavarlos con agua.<\/p>\n<p>Si se ozonizan las frutas y verduras antes de guardarlas en el frigor\u00edfico tardan mucho m\u00e1s en estropearse, dado que el ozono reacciona con el etileno que emite la fruta al madurar. Ozonizar la nevera durante unos minutos para eliminar malos olores.<\/p>\n<p>Si alguna vez has olvidado guardar la comida cocinada en la nevera y ha permanecido mucho tiempo a temperatura ambiente, en lugar de tirarla, introduce el plato o la cazuela en una bolsa de pl\u00e1stico como se explica m\u00e1s arriba y enciende el ozonador durante unos minutos para acabar con todas las bacterias que hubieran podido incubarse.<\/p>\n<p><strong>Eliminar Cloro y Pat\u00f3genos del Agua<\/strong><\/p>\n<p>Para depurar el agua ozonizar al menos 20 minutos y dejar reposar alrededor de media hora hasta que desaparezca el ozono del agua.<\/p>\n<p><strong>Combatir Alergias<\/strong><\/p>\n<p>Ozonizar el aire de las habitaciones de las personas con alergias a polen, esporas, hongos&#8230; Para ozonizar el aire no poner el tubo al ozonador. Cerrar puertas y ventanas de la habitaci\u00f3n cuando no haya nadie dentro durante la desinfecci\u00f3n.<\/p>\n<p>El ozonador genera much\u00edsimos m\u00e1s iones negativos que otros purificadores de aire o aparatos de aire acondicionado que generan iones negativos. No hay comparaci\u00f3n entre la cantidad que producen unos y otros.<\/p>\n<p>En caso de alergias de cualquier tipo tambi\u00e9n es muy recomendable beber agua ozonizada.<\/p>\n<p><strong>Purificar el aire<\/strong><\/p>\n<p>En salas donde se reune mucha gente, gimnasios (tambi\u00e9n elimina el olor a sudor), consultas m\u00e9dicas, etc.<\/p>\n<p><strong>Enjuague Bucal<\/strong><\/p>\n<p>Los tests realizados por la Dra. Clark con el sincr\u00f3metro han detectado contaminantes, metales pesados como el cobalto, y solventes como el benceno en los enjuagues bucales y colutorios comerciales.<\/p>\n<p>Utilizar agua ozonizada como enjuague bucal, no s\u00f3lo no nos expone a toxinas, sino que elimina la placa bacteriana de forma m\u00e1s efectiva. El agua ozonizada destruye la bacteria Clostridium, una de las m\u00e1s dif\u00edciles de erradicar, y que, seg\u00fan la Dra. Clark juega un papel crucial en el desarrollo del c\u00e1ncer. El agua ozonizada tambi\u00e9n destruye el hongo Candida Albicans, y es efectivo contra la Halitosis (mal aliento) que provocan las bacterias anaer\u00f3bicas que producen sulfuro.<\/p>\n<p>En caso de Gengivitis y enfermedades periodontales realizar enjuagues varias veces al d\u00eda. Tras 24 horas de incubaci\u00f3n las bacterias que se alojan en los huecos periodontales colonizan la zona hasta el punto de producir destrucci\u00f3n del hueso e inflamaci\u00f3n de las enc\u00edas. Para problemas de enc\u00edas resulta excelente la coencima Q10.<\/p>\n<p>Enjuagues frecuentes con agua ozonizada evitan el uso de antibi\u00f3ticos tras una extracci\u00f3n dental, endodoncia o cualquier otra operaci\u00f3n dental con heridas abiertas susceptibles de infectarse. Los antibi\u00f3ticos destruyen la flora bacteriana amiga y son la causa principal de la proliferaci\u00f3n de C\u00e1ndida en el tracto intestinal.<\/p>\n<p>Muchos Dentistas insuflan ozono en la cavidad bucal para reparar empastes, minimizar el riesgo de infecciones durante el trabajo dental y ayudar a la cicatrizaci\u00f3n de las heridas.<\/p>\n<p><strong>Olor de Pies<\/strong><\/p>\n<p>El mal olor corporal lo producen siempre bacterias, no el cuerpo humano. Para acabar con el olor de pies realizar ba\u00f1os diarios de agua con ozono. Dejar los pies en remojo 20 minutos con agua con el ozonador encendido y la piedra difusora debajo de los pies.<\/p>\n<p><strong>Dermatitis, Eczema<\/strong><strong> o Acn\u00e9<\/strong><\/p>\n<p>Aplicar aceite ozonizado, lavar con agua ozonizada o dirigir el tubo del ozonador hacia la zona afectada.<\/p>\n<p><strong>Artritis<u>, <\/u>contusiones y dolores musculares<\/strong><\/p>\n<p>Llenar un contenedor con agua en cantidad suficiente para meter la mano o los pies. Introducir la piedra difusora en el recipiente y programar el temporizador de 10 a 20 minutos. Despu\u00e9s de la primera o segunda aplicaci\u00f3n se puede sentir una ligera sensaci\u00f3n de cosquilleo.<\/p>\n<p><strong>Desinfectar el cepillo de dientes y la dentadura postiza<\/strong><\/p>\n<p>Dejar en remojo unos minutos en agua ozonizada.<\/p>\n<p><strong>Desinfectar heridas<\/strong><\/p>\n<p>El agua ozonizada, al contrario que el agua oxigenada, no escuece y desinfecta en profundidad; adem\u00e1s ayuda a oxigenar las c\u00e9lulas afectadas facilitando su regeneraci\u00f3n r\u00e1pida.<\/p>\n<p><strong>Desinfectar el teclado del ordenador y rat\u00f3n<\/strong><\/p>\n<p>El teclado del rat\u00f3n y del ordenador albergan muchos g\u00e9rmenes, puesto que estamos constantemente toc\u00e1ndolos, e incluso muchas veces, los utilizan varias personas. Como se pueden estropear si se mojan al limpiarlos, la mejor soluci\u00f3n es introducir el tubo del ozonador en una bolsa cerrada con el rat\u00f3n y el teclado dentro durante unos minutos.<\/p>\n<p><strong>Aumentar la Energ\u00eda Vital<\/strong><\/p>\n<p>Dado que el cuerpo necesita ox\u00edgeno para producir energ\u00eda, beber agua ozonizada estimula el metabolismo. Por esta raz\u00f3n no se recomienda beber agua ozonizada despu\u00e9s de las 9 de la noche, ya que podr\u00edamos despertarnos por la noche con sensaci\u00f3n de calor.<\/p>\n<p><strong>Ahorrar en Suplementos Nutricionales y Medicinas<\/strong><\/p>\n<p>A nivel celular tambi\u00e9n se produce una mayor oxigenaci\u00f3n, que redunda en una mayor absorci\u00f3n de la membrana celular. Por ello, muchas veces se pueden reducir las dosis de medicamentos y suplementos nutricionales.<\/p>\n<p><strong>Acabar con la Caspa<\/strong><\/p>\n<p>La caspa se debe a la presencia de hongos en el cuero cabelludo. Si padeces problemas de caspa cuando te laves la cabeza realiza el \u00faltimo aclarado con agua ozonizada.<\/p>\n<p><strong>Desintoxicar el Mercurio<\/strong><\/p>\n<p>Beber agua ozonizada ayuda en la quelaci\u00f3n del mercurio, una potente neuro-toxina que se encuentra principalmente en los empastes dentales de metal y en las vacunas. El ozono act\u00faa oxidando el mercurio, lo que posibilita su excreci\u00f3n a trav\u00e9s del sudor.<\/p>\n<p><strong>Eliminar los s\u00edntomas de las crisis curativas<\/strong><\/p>\n<p>Cuando el organismo se est\u00e1 depurando o desintoxicando aparecen las denominadas en medicina natural crisis curativas, como durante la desparasitaci\u00f3n o las limpiezas de h\u00edgado o ri\u00f1\u00f3n. Estos s\u00edntomas pueden ser muy diversos: nauseas, mareos, malestar estomacal o ligera diarrea. Dado que los s\u00edntomas est\u00e1n producidos por las bacterias liberadas por el organismo, beber agua ozonizada ayuda a minimizar los molestos s\u00edntomas de desintoxicaci\u00f3n.<\/p>\n<p><strong>Eliminar t\u00f3xicos en el hogar<\/strong><\/p>\n<p>Elimina los solventes que desprende las paredes reci\u00e9n pintadas, y los gases t\u00f3xicos, como por ejemplo el formaldeh\u00eddo, que emiten alfombras, cortinas, tapicer\u00edas, papel pintado y muebles, sobre todo cuando est\u00e1n reci\u00e9n comprados.<\/p>\n<p><strong>Eliminar Malos Olores<\/strong><\/p>\n<p>El ozono no elimina los olores enmascar\u00e1ndolos como los ambientadores, que adem\u00e1s desprenden sustancias t\u00f3xicas, sino que descompone las sustancias que causan el mal olor en elementos no perjudiciales, haci\u00e9ndo desaparecer el olor.<\/p>\n<p>Neutraliza malos olores en la cocina, el ba\u00f1o, la nevera (tambi\u00e9n elimina el moho), el coche, el cubo de basura&#8230;<\/p>\n<p>Elimina en unos minutos el olor a tabaco de una habitaci\u00f3n y el olor a humo de la ropa. \u00datil cuando se viaja para eliminar el olor a tabaco en las habitaciones de hotel y desinfectar el ambiente. El humo de tabaco es tan peligroso como el tabaco mismo, pues contiene alrededor de 3.6000 sustancias qu\u00edmicas. El ozono descompone dichos qu\u00edmicos en mol\u00e9culas simples neutraliz\u00e1ndolos.<\/p>\n<p>Elimina el desagradable olor a antipolillas de la ropa o de los armarios, as\u00ed como el olor a insecticida.<\/p>\n<p>Neutraliza el olor intenso que se produce al cocinar pescado o verduras como la coliflor, repollo, etc. Otro truco para eliminar olores pungentes es pasar unos segundos el tubo del ozonador por las manos despu\u00e9s de pelar ajo o cebolla. Elimina el penetrante olor a quemado en cacerolas que hemos dejado demasiado tiempo al fuego.<\/p>\n<p>Elimina el olor a gasolina en el garaje.<\/p>\n<p><strong>Desinfectar estropajos, bayetas y esponjas en la cocina y el ba\u00f1o.<\/strong><\/p>\n<p>Introducir estropajos y bayetas unos minutos en agua ozonizada elimina toda clase de pat\u00f3genos.<\/p>\n<p>Tambi\u00e9n resulta pr\u00e1ctico rellenar un frasco de spray con agua ozonizada y pulverizar la encimera de la cocina y la taza del inodoro para desinfectarlas.<\/p>\n<p><strong>Diarrea y Salmonelosis<\/strong><\/p>\n<p>Ambas est\u00e1n causadas por bacterias. Beber frecuentemente agua ozonizada hasta que desaparezcan los s\u00edntomas. Extremar las medidas de higiene, por ejemplo, rociando el inodoro como se indica en el apartado anterior para lograr una desinfecci\u00f3n en profundidad.<\/p>\n<p>En el caso de diarreas provocadas por el protozoo Giardia beber 4 vasos de agua ozonizada al d\u00eda durante 10 d\u00edas, seguido de un periodo de 7 d\u00edas sin tratamiento. Repetir el ciclo una segunda vez. El agua ozonizada resulta excelente para combatir la diarrea del viajero. El agua ozonizada bebida, o aplicada mediante enemas, ayuda a combatir el estre\u00f1imiento al aumentar la cantidad de ox\u00edgeno en el colon, lo que estimula las bacterias ben\u00e9ficas (acidofilus, bifidus&#8230;) que son aer\u00f3bicas, es decir, que necesitan ox\u00edgeno, al contrario que las bacterias anaer\u00f3bicas que provocan putrefacci\u00f3n.<\/p>\n<p><strong>Disminuir el Dolor<\/strong><\/p>\n<p>En las zonas donde sentimos dolor se acumulan cargas positivas. Los iones negativos del ozono neutralizan dichas cargas positivas, vi\u00e9ndose reducida la sensaci\u00f3n de dolor.<\/p>\n<p><strong>Eliminar humedades de paredes<\/strong><\/p>\n<p>Repetir el tratamiento diariamente hasta la completa desaparici\u00f3n de las manchas y el olor a moho.<\/p>\n<p><strong>Ozonizar el agua de la ba\u00f1era<\/strong><\/p>\n<p>Disfruta de un ba\u00f1o relajante y oxigenado.<br \/>\nProgramar el temporizador del ozonador 10 minutos mientras se llena la ba\u00f1era. Sacar el tubo del ozonizador con la piedra difusora antes de meterse dentro.<\/p>\n<p><strong>Desinfectar biberones y chupetes<\/strong><\/p>\n<p>Introducir biberones, chupetes y juguetes que el ni\u00f1o se lleva a la boca en agua ozonizada unos minutos para desinfectarlos. En caso de irritaci\u00f3n o prurito provocado por los pa\u00f1ales lavar la zona afectada con agua ozonizada.<\/p>\n<p><strong>Desinfectar recipientes y utensilios de cocina<\/strong><\/p>\n<p>Las botellas de agua que reutilizamos diariamente en casa o en la oficina son un campo de cultivo para las bacterias. Para eliminar las bacterias introduce el tubo del ozonador con la piedra difusora en la botella con agua y deja unos minutos la unidad encendida. Las botellas deben tener boca ancha para permitir su limpieza.<\/p>\n<p>Elige botellas de pl\u00e1stico HDPE (recomendadas por la Dra. Hulda Clark) que no liberan sustancias t\u00f3xicas, libre de BPA<strong><u>. Las botellas de agua envasada que encontramos en los comercios est\u00e1n hechas de un tipo de pl\u00e1stico denominado PET, que desprende sustancias nocivas para la salud.<\/u><\/strong><\/p>\n<p><strong>Animales de compa\u00f1\u00eda<\/strong><\/p>\n<p>Para mantener a las mascotas libres de par\u00e1sitos se recomienda ba\u00f1arlos en agua ozonizada. En caso de enfermedad, tratarles con agua ozonizada. Muchos animales se han recuperado de enfermedades graves bebiendo agua ozonizada. El ozono elimina virus y bacterias del aire.<\/p>\n<p>Si se tienen perros o gatos como mascotas en casa se recomienda al menos una vez a la semana ozonizar unos 15 minutos (para un \u00e1rea de 20 metros cuadrados) cada una de las habitaciones que frecuenten los animales. Cerrar puertas y ventanas de la habitaci\u00f3n cuando no haya nadie dentro durante la desinfecci\u00f3n. Adem\u00e1s de matar pat\u00f3genos tambi\u00e9n se elimina el olor a animales.<\/p>\n<p>Muchos ganaderos han podido prescindir de los veterinarios desde que dan de beber al ganado agua ozonizada.<\/p>\n<p>Purificaci\u00f3n de acuarios. El ozono mata todas las bacterias y algas en los acuarios sin provocar ning\u00fan efecto nocivo en los peces. Por ejemplo, para un tanque de 38 litros ozonizar un vaso de agua durante 5 minutos y verterlo en el tanque. Usar la paleta de rejilla para esparcir el ozono por todo el tanque.<\/p>\n<p><strong>Regar las plantas<\/strong><\/p>\n<p>En la atm\u00f3sfera el ozono forma con el vapor de agua per\u00f3xido de hidr\u00f3geno, un componente del agua de lluvia. Esta es la raz\u00f3n por la que las plantas crecen mejor con agua de lluvia que con irrigaci\u00f3n de agua subterr\u00e1nea.<\/p>\n<p>Las plantas no podr\u00edan sobrevivir sin las bacterias anaer\u00f3bicas que viven en sus ra\u00edces, que se encargan de trasformar los minerales del suelo para que puedan ser absorbidos por las plantas. Cuanto m\u00e1s ox\u00edgeno reciban dichas bacterias gracias al agua ozonizada m\u00e1s nutrientes contendr\u00e1n las cosechas, m\u00e1s resistentes ser\u00e1n a las plagas y enfermedades y m\u00e1s crecer\u00e1n sin necesidades de pesticidas, qu\u00edmicos que envenenan el suelo y nos enferman.<\/p>\n<p>Rociar con agua ozonizada para acabar con pulg\u00f3n u otras plagas.<\/p>\n<p><strong>Tratamiento de la Candidiasis y Vaginitis<\/strong><\/p>\n<p>Un tratamiento muy com\u00fan y efectivo contra la candidiasis en la medicina alternativa es insuflar ozono v\u00eda rectal o vaginal.<\/p>\n<p>Beber agua ozonizada tambi\u00e9n limpia el tracto intestinal de C\u00e1ndida, y de bacterias como la Salmonella, lo que nos puede evitar una visita a la consulta.<\/p>\n<p>Elimina inc\u00f3modos picores y molestias con supositorios v\u00eda rectal y\/o vaginal de aceite ozonizado (introducir el aceite en una c\u00e1psula vac\u00eda) o bien con enemas o lavados vaginales de agua ozonizada.<\/p>\n<p>Se alimentan con la quercitina, que es un al\u00e9rgeno que contienen estos alimentos. Se puede destruir metiendo los alimentos en una bolsa cerrada y ozonizando 10 minutos.<\/p>\n<p>De todo lo anterior se deduce que el Ozonador es una magn\u00edfica inversi\u00f3n, que nos ahorrar\u00e1 gastos en cremas, lociones, medicamentos, antibi\u00f3ticos, productos desinfectantes y de limpieza, enjuagues bucales, l\u00edquidos para limpiar dentaduras postizas, etc, adem\u00e1s de ser mucho m\u00e1s efectivo que dichos productos y de toxicidad nula.<\/p>\n","protected":false},"excerpt":{"rendered":"<p><strong>Ozonizador Modelo TCW 3-500<\/strong><\/p>\n<p>Producci\u00f3n de agua pura ozonizada y aire puro ozonizado, libre de contaminantes (2 litros x min.; ozono residual entre 0.5 a 0.6 mg O3\/litro) y aire (500mg O3\/ hora)<\/p>\n<p><strong>Descripci\u00f3n del <\/strong>OZONATOR TCW 3-500<\/p>\n<p>El TCW 3-500 puede ser instalado en cualquier lugar en su domicilio donde desea tener aire purificada y agua esterilizada (cocina, ba\u00f1o, comedor, etc.) se conecta a la linea de agua.<\/p>\n<p><strong>Datos T\u00e9cnicos:<\/strong><\/p>\n<ul>\n<li>Capacidad max agua purificada: 120 ltrs\/hr<\/li>\n<li>Ozono residual en agua: 0.5 a 0.6 mg\/ltr<\/li>\n<li>Producci\u00f3n de ozono aire: 500mg\/hr<\/li>\n<li>Temperatura de agua entrada: 3 \u2013 45\u00b0C<\/li>\n<li>Temperatura de operaci\u00f3n: 0 \u2013 45\u00b0C<\/li>\n<li>Consumo de energ\u00eda: 18 W<\/li>\n<li>Peso total: 2.5 kg<\/li>\n<li>Voltage: 110 VAC<\/li>\n<\/ul>\n<p><strong>Set incluye:<\/strong><\/p>\n<ul>\n<li>Equipo de ozono TCW 3-500<\/li>\n<li>Juego de filtros<\/li>\n<li>Manual y partes completos para su instalaci\u00f3n y conexi\u00f3n.<\/li>\n<\/ul>\n<p>Nota:<\/p>\n<p>En la purificaci\u00f3n de aguas suministradas a domicilios, tanto de sistemas de aqueductos como de aguas extraidas de pozos locales no se han encontrado contaminantes microbiol\u00f3gicos en el agua expandido por el purificador TCW 3-500 y en los an\u00e1lisis f\u00edsico-ch\u00edmico todos los par\u00e1metros se centraron muy debajo de los l\u00edmites establecidos.<\/p>\n<p>Es de suma importancia cambiar regularmente los filtros del sistema y los prefiltros de part\u00edculas instalados.<\/p>\n<p>Como todos los equipos electr\u00f3nicos, tambi\u00e9n este equipo debe ser protegido de cambios en el voltaje de la red as\u00ed como de los frecuentes apagones.<\/p>\n","protected":false},"featured_media":9,"comment_status":"open","ping_status":"closed","template":"","meta":[],"product_cat":[20],"product_tag":[],"class_list":{"0":"post-79","1":"product","2":"type-product","3":"status-publish","4":"has-post-thumbnail","6":"product_cat-ozonizador","7":"post","9":"first","10":"instock","11":"taxable","12":"shipping-taxable","13":"purchasable","14":"product-type-simple"},"_links":{"self":[{"href":"https:\/\/tropicclearwater.com\/index.php?rest_route=\/wp\/v2\/product\/79","targetHints":{"allow":["GET"]}}],"collection":[{"href":"https:\/\/tropicclearwater.com\/index.php?rest_route=\/wp\/v2\/product"}],"about":[{"href":"https:\/\/tropicclearwater.com\/index.php?rest_route=\/wp\/v2\/types\/product"}],"replies":[{"embeddable":true,"href":"https:\/\/tropicclearwater.com\/index.php?rest_route=%2Fwp%2Fv2%2Fcomments&post=79"}],"wp:featuredmedia":[{"embeddable":true,"href":"https:\/\/tropicclearwater.com\/index.php?rest_route=\/wp\/v2\/media\/9"}],"wp:attachment":[{"href":"https:\/\/tropicclearwater.com\/index.php?rest_route=%2Fwp%2Fv2%2Fmedia&parent=79"}],"wp:term":[{"taxonomy":"product_cat","embeddable":true,"href":"https:\/\/tropicclearwater.com\/index.php?rest_route=%2Fwp%2Fv2%2Fproduct_cat&post=79"},{"taxonomy":"product_tag","embeddable":true,"href":"https:\/\/tropicclearwater.com\/index.php?rest_route=%2Fwp%2Fv2%2Fproduct_tag&post=79"}],"curies":[{"name":"wp","href":"https:\/\/api.w.org\/{rel}","templated":true}]}}